{"id":20,"date":"2018-04-16T09:10:58","date_gmt":"2018-04-16T12:10:58","guid":{"rendered":"http:\/\/localhost\/base\/sitenovo\/home\/"},"modified":"2025-08-05T14:13:47","modified_gmt":"2025-08-05T17:13:47","slug":"home","status":"publish","type":"page","link":"https:\/\/www.gpgroup.com.br\/site\/","title":{"rendered":"Home"},"content":{"rendered":"<p>A GP \u2013 General Parts, \u00e9 uma empresa brasileira de importa\u00e7\u00e3o e distribui\u00e7\u00e3o de pe\u00e7as de reposi\u00e7\u00e3o e suprimentos compat\u00edveis para impressoras e copiadoras.<\/p>\n<p>Por mais de 25 anos, a GP buscou o desenvolvimento de sua marca pr\u00f3pria de produtos, contando com fabricantes parceiros em todo o mundo, e influenciando significativamente a ind\u00fastria no Brasil.<\/p>\n<p><strong>Entre em contato e conhe\u00e7a nossas solu\u00e7\u00f5es.<\/strong><\/p>\n","protected":false},"excerpt":{"rendered":"<p>A GP \u2013 General Parts, \u00e9 uma empresa brasileira de importa\u00e7\u00e3o e distribui\u00e7\u00e3o de pe\u00e7as de reposi\u00e7\u00e3o e suprimentos compat\u00edveis para impressoras e copiadoras. Por mais de 25 anos, a GP buscou o desenvolvimento de sua marca pr\u00f3pria de produtos, contando com fabricantes parceiros em todo o mundo, e influenciando significativamente a ind\u00fastria no Brasil. &hellip; <a href=\"https:\/\/www.gpgroup.com.br\/site\/\">Continua<\/a><\/p>\n","protected":false},"author":2,"featured_media":0,"parent":0,"menu_order":-1,"comment_status":"closed","ping_status":"closed","template":"page-home.php","meta":{"footnotes":""},"acf":[],"yoast_head":"<!-- This site is optimized with the Yoast SEO plugin v21.9.1 - https:\/\/yoast.com\/wordpress\/plugins\/seo\/ -->\n<title>Home - General Parts<\/title>\n<meta name=\"robots\" content=\"index, follow, max-snippet:-1, max-image-preview:large, max-video-preview:-1\" \/>\n<link rel=\"canonical\" href=\"https:\/\/www.gpgroup.com.br\/site\/\" \/>\n<meta property=\"og:locale\" content=\"pt_BR\" \/>\n<meta property=\"og:type\" content=\"article\" \/>\n<meta property=\"og:title\" content=\"Home - General Parts\" \/>\n<meta property=\"og:description\" content=\"A GP \u2013 General Parts, \u00e9 uma empresa brasileira de importa\u00e7\u00e3o e distribui\u00e7\u00e3o de pe\u00e7as de reposi\u00e7\u00e3o e suprimentos compat\u00edveis para impressoras e copiadoras. Por mais de 25 anos, a GP buscou o desenvolvimento de sua marca pr\u00f3pria de produtos, contando com fabricantes parceiros em todo o mundo, e influenciando significativamente a ind\u00fastria no Brasil. &hellip; Continua\" \/>\n<meta property=\"og:url\" content=\"https:\/\/www.gpgroup.com.br\/site\/\" \/>\n<meta property=\"og:site_name\" content=\"General Parts\" \/>\n<meta property=\"article:publisher\" content=\"https:\/\/www.facebook.com\/partsgeneral\" \/>\n<meta property=\"article:modified_time\" content=\"2025-08-05T17:13:47+00:00\" \/>\n<meta name=\"twitter:card\" content=\"summary_large_image\" \/>\n<meta name=\"twitter:label1\" content=\"Est. tempo de leitura\" \/>\n\t<meta name=\"twitter:data1\" content=\"1 minuto\" \/>\n<script type=\"application\/ld+json\" class=\"yoast-schema-graph\">{\"@context\":\"https:\/\/schema.org\",\"@graph\":[{\"@type\":\"WebPage\",\"@id\":\"https:\/\/www.gpgroup.com.br\/site\/\",\"url\":\"https:\/\/www.gpgroup.com.br\/site\/\",\"name\":\"Home - General Parts\",\"isPartOf\":{\"@id\":\"https:\/\/www.gpgroup.com.br\/site\/#website\"},\"datePublished\":\"2018-04-16T12:10:58+00:00\",\"dateModified\":\"2025-08-05T17:13:47+00:00\",\"breadcrumb\":{\"@id\":\"https:\/\/www.gpgroup.com.br\/site\/#breadcrumb\"},\"inLanguage\":\"pt-BR\",\"potentialAction\":[{\"@type\":\"ReadAction\",\"target\":[\"https:\/\/www.gpgroup.com.br\/site\/\"]}]},{\"@type\":\"BreadcrumbList\",\"@id\":\"https:\/\/www.gpgroup.com.br\/site\/#breadcrumb\",\"itemListElement\":[{\"@type\":\"ListItem\",\"position\":1,\"name\":\"In\u00edcio\",\"item\":\"https:\/\/www.gpgroup.com.br\/site\/\"},{\"@type\":\"ListItem\",\"position\":2,\"name\":\"Home\"}]},{\"@type\":\"WebSite\",\"@id\":\"https:\/\/www.gpgroup.com.br\/site\/#website\",\"url\":\"https:\/\/www.gpgroup.com.br\/site\/\",\"name\":\"General Parts\",\"description\":\"Toner &amp; Pe\u00e7as para impressoras e copiadoras\",\"publisher\":{\"@id\":\"https:\/\/www.gpgroup.com.br\/site\/#organization\"},\"potentialAction\":[{\"@type\":\"SearchAction\",\"target\":{\"@type\":\"EntryPoint\",\"urlTemplate\":\"https:\/\/www.gpgroup.com.br\/site\/?s={search_term_string}\"},\"query-input\":\"required name=search_term_string\"}],\"inLanguage\":\"pt-BR\"},{\"@type\":\"Organization\",\"@id\":\"https:\/\/www.gpgroup.com.br\/site\/#organization\",\"name\":\"GP Pe\u00e7as\",\"url\":\"https:\/\/www.gpgroup.com.br\/site\/\",\"logo\":{\"@type\":\"ImageObject\",\"inLanguage\":\"pt-BR\",\"@id\":\"https:\/\/www.gpgroup.com.br\/site\/#\/schema\/logo\/image\/\",\"url\":\"https:\/\/www.gppecas.com.br\/site\/wp-content\/uploads\/2020\/11\/logotipo-big.jpg\",\"contentUrl\":\"https:\/\/www.gppecas.com.br\/site\/wp-content\/uploads\/2020\/11\/logotipo-big.jpg\",\"width\":540,\"height\":298,\"caption\":\"GP Pe\u00e7as\"},\"image\":{\"@id\":\"https:\/\/www.gpgroup.com.br\/site\/#\/schema\/logo\/image\/\"},\"sameAs\":[\"https:\/\/www.facebook.com\/partsgeneral\",\"https:\/\/www.instagram.com\/generalparts\/\"]}]}<\/script>\n<!-- \/ Yoast SEO plugin. -->","yoast_head_json":{"title":"Home - General Parts","robots":{"index":"index","follow":"follow","max-snippet":"max-snippet:-1","max-image-preview":"max-image-preview:large","max-video-preview":"max-video-preview:-1"},"canonical":"https:\/\/www.gpgroup.com.br\/site\/","og_locale":"pt_BR","og_type":"article","og_title":"Home - General Parts","og_description":"A GP \u2013 General Parts, \u00e9 uma empresa brasileira de importa\u00e7\u00e3o e distribui\u00e7\u00e3o de pe\u00e7as de reposi\u00e7\u00e3o e suprimentos compat\u00edveis para impressoras e copiadoras. Por mais de 25 anos, a GP buscou o desenvolvimento de sua marca pr\u00f3pria de produtos, contando com fabricantes parceiros em todo o mundo, e influenciando significativamente a ind\u00fastria no Brasil. &hellip; Continua","og_url":"https:\/\/www.gpgroup.com.br\/site\/","og_site_name":"General Parts","article_publisher":"https:\/\/www.facebook.com\/partsgeneral","article_modified_time":"2025-08-05T17:13:47+00:00","twitter_card":"summary_large_image","twitter_misc":{"Est. tempo de leitura":"1 minuto"},"schema":{"@context":"https:\/\/schema.org","@graph":[{"@type":"WebPage","@id":"https:\/\/www.gpgroup.com.br\/site\/","url":"https:\/\/www.gpgroup.com.br\/site\/","name":"Home - General Parts","isPartOf":{"@id":"https:\/\/www.gpgroup.com.br\/site\/#website"},"datePublished":"2018-04-16T12:10:58+00:00","dateModified":"2025-08-05T17:13:47+00:00","breadcrumb":{"@id":"https:\/\/www.gpgroup.com.br\/site\/#breadcrumb"},"inLanguage":"pt-BR","potentialAction":[{"@type":"ReadAction","target":["https:\/\/www.gpgroup.com.br\/site\/"]}]},{"@type":"BreadcrumbList","@id":"https:\/\/www.gpgroup.com.br\/site\/#breadcrumb","itemListElement":[{"@type":"ListItem","position":1,"name":"In\u00edcio","item":"https:\/\/www.gpgroup.com.br\/site\/"},{"@type":"ListItem","position":2,"name":"Home"}]},{"@type":"WebSite","@id":"https:\/\/www.gpgroup.com.br\/site\/#website","url":"https:\/\/www.gpgroup.com.br\/site\/","name":"General Parts","description":"Toner &amp; Pe\u00e7as para impressoras e copiadoras","publisher":{"@id":"https:\/\/www.gpgroup.com.br\/site\/#organization"},"potentialAction":[{"@type":"SearchAction","target":{"@type":"EntryPoint","urlTemplate":"https:\/\/www.gpgroup.com.br\/site\/?s={search_term_string}"},"query-input":"required name=search_term_string"}],"inLanguage":"pt-BR"},{"@type":"Organization","@id":"https:\/\/www.gpgroup.com.br\/site\/#organization","name":"GP Pe\u00e7as","url":"https:\/\/www.gpgroup.com.br\/site\/","logo":{"@type":"ImageObject","inLanguage":"pt-BR","@id":"https:\/\/www.gpgroup.com.br\/site\/#\/schema\/logo\/image\/","url":"https:\/\/www.gppecas.com.br\/site\/wp-content\/uploads\/2020\/11\/logotipo-big.jpg","contentUrl":"https:\/\/www.gppecas.com.br\/site\/wp-content\/uploads\/2020\/11\/logotipo-big.jpg","width":540,"height":298,"caption":"GP Pe\u00e7as"},"image":{"@id":"https:\/\/www.gpgroup.com.br\/site\/#\/schema\/logo\/image\/"},"sameAs":["https:\/\/www.facebook.com\/partsgeneral","https:\/\/www.instagram.com\/generalparts\/"]}]}},"_links":{"self":[{"href":"https:\/\/www.gpgroup.com.br\/site\/wp-json\/wp\/v2\/pages\/20"}],"collection":[{"href":"https:\/\/www.gpgroup.com.br\/site\/wp-json\/wp\/v2\/pages"}],"about":[{"href":"https:\/\/www.gpgroup.com.br\/site\/wp-json\/wp\/v2\/types\/page"}],"author":[{"embeddable":true,"href":"https:\/\/www.gpgroup.com.br\/site\/wp-json\/wp\/v2\/users\/2"}],"replies":[{"embeddable":true,"href":"https:\/\/www.gpgroup.com.br\/site\/wp-json\/wp\/v2\/comments?post=20"}],"version-history":[{"count":14,"href":"https:\/\/www.gpgroup.com.br\/site\/wp-json\/wp\/v2\/pages\/20\/revisions"}],"predecessor-version":[{"id":5976,"href":"https:\/\/www.gpgroup.com.br\/site\/wp-json\/wp\/v2\/pages\/20\/revisions\/5976"}],"wp:attachment":[{"href":"https:\/\/www.gpgroup.com.br\/site\/wp-json\/wp\/v2\/media?parent=20"}],"curies":[{"name":"wp","href":"https:\/\/api.w.org\/{rel}","templated":true}]}}