{"id":84,"date":"2020-11-04T10:04:05","date_gmt":"2020-11-04T12:04:05","guid":{"rendered":"http:\/\/localhost\/gppecas\/site\/?page_id=84"},"modified":"2021-01-26T10:37:31","modified_gmt":"2021-01-26T13:37:31","slug":"por-que-a-gp","status":"publish","type":"page","link":"https:\/\/www.gpgroup.com.br\/site\/por-que-a-gp\/","title":{"rendered":"Por que a GP"},"content":{"rendered":"\n<div class=\"wp-block-image is-style-default\"><figure class=\"aligncenter size-large is-resized\"><img decoding=\"async\" data-src=\"https:\/\/www.gppecas.com.br\/site\/wp-content\/uploads\/2020\/12\/infografico-porque-a-GP.jpg\" alt=\"\" class=\"wp-image-661 lazyload\" width=\"740\" height=\"501\" src=\"data:image\/svg+xml;base64,PHN2ZyB3aWR0aD0iMSIgaGVpZ2h0PSIxIiB4bWxucz0iaHR0cDovL3d3dy53My5vcmcvMjAwMC9zdmciPjwvc3ZnPg==\" style=\"--smush-placeholder-width: 740px; --smush-placeholder-aspect-ratio: 740\/501;\" \/><\/figure><\/div>\n\n\n\n<p>A GP possui modelo de neg\u00f3cios muito bem definido, tendo como foco o atendimento \u00e0s necessidades de empresas de outsourcing de impress\u00e3o, loca\u00e7\u00e3o de equipamentos e assist\u00eancia t\u00e9cnica de impressoras e copiadoras. Neste sentido, temos muito orgulho em dizer que n\u00e3o concorremos com nossos clientes.<\/p>\n\n\n\n<p>Com mais de 20 anos de experi\u00eancia, entendemos as necessidades deste p\u00fablico e oferecemos produtos de rendimento superior e qualidade consistente, que aumentam a rentabilidade dos projetos e contratos de nossos clientes.<\/p>\n\n\n\n<p>Acreditamos em relacionamentos que geram valor a todas as partes envolvidas. Nosso objetivo n\u00e3o \u00e9 apenas a simples rela\u00e7\u00e3o compra e venda, mas sim construir parcerias e relacionamentos confi\u00e1veis e de longo prazo com nossos clientes e fornecedores.<\/p>\n\n\n\n<p>Trabalhamos com fabricantes de diversas partes do mundo, e todos eles possuem diversas certifica\u00e7\u00f5es como ISO 9001, ISO 14001, SMTC Certification e ASTM que garantem desempenho confi\u00e1vel e qualidade consistente em todos os produtos do nosso portf\u00f3lio.<\/p>\n","protected":false},"excerpt":{"rendered":"<p>A GP possui modelo de neg\u00f3cios muito bem definido, tendo como foco o atendimento \u00e0s necessidades de empresas de outsourcing de impress\u00e3o, loca\u00e7\u00e3o de equipamentos e assist\u00eancia t\u00e9cnica de impressoras e copiadoras. Neste sentido, temos muito orgulho em dizer que n\u00e3o concorremos com nossos clientes. Com mais de 20 anos de experi\u00eancia, entendemos as necessidades &hellip; <a href=\"https:\/\/www.gpgroup.com.br\/site\/por-que-a-gp\/\">Continua<\/a><\/p>\n","protected":false},"author":2,"featured_media":0,"parent":0,"menu_order":0,"comment_status":"closed","ping_status":"closed","template":"page-padrao.php","meta":{"footnotes":""},"acf":[],"yoast_head":"<!-- This site is optimized with the Yoast SEO plugin v21.9.1 - https:\/\/yoast.com\/wordpress\/plugins\/seo\/ -->\n<title>Por que a GP - General Parts<\/title>\n<meta name=\"robots\" content=\"index, follow, max-snippet:-1, max-image-preview:large, max-video-preview:-1\" \/>\n<link rel=\"canonical\" href=\"https:\/\/www.gpgroup.com.br\/site\/por-que-a-gp\/\" \/>\n<meta property=\"og:locale\" content=\"pt_BR\" \/>\n<meta property=\"og:type\" content=\"article\" \/>\n<meta property=\"og:title\" content=\"Por que a GP - General Parts\" \/>\n<meta property=\"og:description\" content=\"A GP possui modelo de neg\u00f3cios muito bem definido, tendo como foco o atendimento \u00e0s necessidades de empresas de outsourcing de impress\u00e3o, loca\u00e7\u00e3o de equipamentos e assist\u00eancia t\u00e9cnica de impressoras e copiadoras. Neste sentido, temos muito orgulho em dizer que n\u00e3o concorremos com nossos clientes. Com mais de 20 anos de experi\u00eancia, entendemos as necessidades &hellip; Continua\" \/>\n<meta property=\"og:url\" content=\"https:\/\/www.gpgroup.com.br\/site\/por-que-a-gp\/\" \/>\n<meta property=\"og:site_name\" content=\"General Parts\" \/>\n<meta property=\"article:publisher\" content=\"https:\/\/www.facebook.com\/partsgeneral\" \/>\n<meta property=\"article:modified_time\" content=\"2021-01-26T13:37:31+00:00\" \/>\n<meta property=\"og:image\" content=\"https:\/\/www.gppecas.com.br\/site\/wp-content\/uploads\/2020\/12\/infografico-porque-a-GP.jpg\" \/>\n<meta name=\"twitter:card\" content=\"summary_large_image\" \/>\n<meta name=\"twitter:label1\" content=\"Est. tempo de leitura\" \/>\n\t<meta name=\"twitter:data1\" content=\"1 minuto\" \/>\n<script type=\"application\/ld+json\" class=\"yoast-schema-graph\">{\"@context\":\"https:\/\/schema.org\",\"@graph\":[{\"@type\":\"WebPage\",\"@id\":\"https:\/\/www.gpgroup.com.br\/site\/por-que-a-gp\/\",\"url\":\"https:\/\/www.gpgroup.com.br\/site\/por-que-a-gp\/\",\"name\":\"Por que a GP - General Parts\",\"isPartOf\":{\"@id\":\"https:\/\/www.gpgroup.com.br\/site\/#website\"},\"datePublished\":\"2020-11-04T12:04:05+00:00\",\"dateModified\":\"2021-01-26T13:37:31+00:00\",\"breadcrumb\":{\"@id\":\"https:\/\/www.gpgroup.com.br\/site\/por-que-a-gp\/#breadcrumb\"},\"inLanguage\":\"pt-BR\",\"potentialAction\":[{\"@type\":\"ReadAction\",\"target\":[\"https:\/\/www.gpgroup.com.br\/site\/por-que-a-gp\/\"]}]},{\"@type\":\"BreadcrumbList\",\"@id\":\"https:\/\/www.gpgroup.com.br\/site\/por-que-a-gp\/#breadcrumb\",\"itemListElement\":[{\"@type\":\"ListItem\",\"position\":1,\"name\":\"In\u00edcio\",\"item\":\"https:\/\/www.gpgroup.com.br\/site\/\"},{\"@type\":\"ListItem\",\"position\":2,\"name\":\"Por que a GP\"}]},{\"@type\":\"WebSite\",\"@id\":\"https:\/\/www.gpgroup.com.br\/site\/#website\",\"url\":\"https:\/\/www.gpgroup.com.br\/site\/\",\"name\":\"General Parts\",\"description\":\"Toner &amp; Pe\u00e7as para impressoras e copiadoras\",\"publisher\":{\"@id\":\"https:\/\/www.gpgroup.com.br\/site\/#organization\"},\"potentialAction\":[{\"@type\":\"SearchAction\",\"target\":{\"@type\":\"EntryPoint\",\"urlTemplate\":\"https:\/\/www.gpgroup.com.br\/site\/?s={search_term_string}\"},\"query-input\":\"required name=search_term_string\"}],\"inLanguage\":\"pt-BR\"},{\"@type\":\"Organization\",\"@id\":\"https:\/\/www.gpgroup.com.br\/site\/#organization\",\"name\":\"GP Pe\u00e7as\",\"url\":\"https:\/\/www.gpgroup.com.br\/site\/\",\"logo\":{\"@type\":\"ImageObject\",\"inLanguage\":\"pt-BR\",\"@id\":\"https:\/\/www.gpgroup.com.br\/site\/#\/schema\/logo\/image\/\",\"url\":\"https:\/\/www.gppecas.com.br\/site\/wp-content\/uploads\/2020\/11\/logotipo-big.jpg\",\"contentUrl\":\"https:\/\/www.gppecas.com.br\/site\/wp-content\/uploads\/2020\/11\/logotipo-big.jpg\",\"width\":540,\"height\":298,\"caption\":\"GP Pe\u00e7as\"},\"image\":{\"@id\":\"https:\/\/www.gpgroup.com.br\/site\/#\/schema\/logo\/image\/\"},\"sameAs\":[\"https:\/\/www.facebook.com\/partsgeneral\",\"https:\/\/www.instagram.com\/generalparts\/\"]}]}<\/script>\n<!-- \/ Yoast SEO plugin. -->","yoast_head_json":{"title":"Por que a GP - General Parts","robots":{"index":"index","follow":"follow","max-snippet":"max-snippet:-1","max-image-preview":"max-image-preview:large","max-video-preview":"max-video-preview:-1"},"canonical":"https:\/\/www.gpgroup.com.br\/site\/por-que-a-gp\/","og_locale":"pt_BR","og_type":"article","og_title":"Por que a GP - General Parts","og_description":"A GP possui modelo de neg\u00f3cios muito bem definido, tendo como foco o atendimento \u00e0s necessidades de empresas de outsourcing de impress\u00e3o, loca\u00e7\u00e3o de equipamentos e assist\u00eancia t\u00e9cnica de impressoras e copiadoras. Neste sentido, temos muito orgulho em dizer que n\u00e3o concorremos com nossos clientes. Com mais de 20 anos de experi\u00eancia, entendemos as necessidades &hellip; Continua","og_url":"https:\/\/www.gpgroup.com.br\/site\/por-que-a-gp\/","og_site_name":"General Parts","article_publisher":"https:\/\/www.facebook.com\/partsgeneral","article_modified_time":"2021-01-26T13:37:31+00:00","og_image":[{"url":"https:\/\/www.gppecas.com.br\/site\/wp-content\/uploads\/2020\/12\/infografico-porque-a-GP.jpg"}],"twitter_card":"summary_large_image","twitter_misc":{"Est. tempo de leitura":"1 minuto"},"schema":{"@context":"https:\/\/schema.org","@graph":[{"@type":"WebPage","@id":"https:\/\/www.gpgroup.com.br\/site\/por-que-a-gp\/","url":"https:\/\/www.gpgroup.com.br\/site\/por-que-a-gp\/","name":"Por que a GP - General Parts","isPartOf":{"@id":"https:\/\/www.gpgroup.com.br\/site\/#website"},"datePublished":"2020-11-04T12:04:05+00:00","dateModified":"2021-01-26T13:37:31+00:00","breadcrumb":{"@id":"https:\/\/www.gpgroup.com.br\/site\/por-que-a-gp\/#breadcrumb"},"inLanguage":"pt-BR","potentialAction":[{"@type":"ReadAction","target":["https:\/\/www.gpgroup.com.br\/site\/por-que-a-gp\/"]}]},{"@type":"BreadcrumbList","@id":"https:\/\/www.gpgroup.com.br\/site\/por-que-a-gp\/#breadcrumb","itemListElement":[{"@type":"ListItem","position":1,"name":"In\u00edcio","item":"https:\/\/www.gpgroup.com.br\/site\/"},{"@type":"ListItem","position":2,"name":"Por que a GP"}]},{"@type":"WebSite","@id":"https:\/\/www.gpgroup.com.br\/site\/#website","url":"https:\/\/www.gpgroup.com.br\/site\/","name":"General Parts","description":"Toner &amp; Pe\u00e7as para impressoras e copiadoras","publisher":{"@id":"https:\/\/www.gpgroup.com.br\/site\/#organization"},"potentialAction":[{"@type":"SearchAction","target":{"@type":"EntryPoint","urlTemplate":"https:\/\/www.gpgroup.com.br\/site\/?s={search_term_string}"},"query-input":"required name=search_term_string"}],"inLanguage":"pt-BR"},{"@type":"Organization","@id":"https:\/\/www.gpgroup.com.br\/site\/#organization","name":"GP Pe\u00e7as","url":"https:\/\/www.gpgroup.com.br\/site\/","logo":{"@type":"ImageObject","inLanguage":"pt-BR","@id":"https:\/\/www.gpgroup.com.br\/site\/#\/schema\/logo\/image\/","url":"https:\/\/www.gppecas.com.br\/site\/wp-content\/uploads\/2020\/11\/logotipo-big.jpg","contentUrl":"https:\/\/www.gppecas.com.br\/site\/wp-content\/uploads\/2020\/11\/logotipo-big.jpg","width":540,"height":298,"caption":"GP Pe\u00e7as"},"image":{"@id":"https:\/\/www.gpgroup.com.br\/site\/#\/schema\/logo\/image\/"},"sameAs":["https:\/\/www.facebook.com\/partsgeneral","https:\/\/www.instagram.com\/generalparts\/"]}]}},"_links":{"self":[{"href":"https:\/\/www.gpgroup.com.br\/site\/wp-json\/wp\/v2\/pages\/84"}],"collection":[{"href":"https:\/\/www.gpgroup.com.br\/site\/wp-json\/wp\/v2\/pages"}],"about":[{"href":"https:\/\/www.gpgroup.com.br\/site\/wp-json\/wp\/v2\/types\/page"}],"author":[{"embeddable":true,"href":"https:\/\/www.gpgroup.com.br\/site\/wp-json\/wp\/v2\/users\/2"}],"replies":[{"embeddable":true,"href":"https:\/\/www.gpgroup.com.br\/site\/wp-json\/wp\/v2\/comments?post=84"}],"version-history":[{"count":16,"href":"https:\/\/www.gpgroup.com.br\/site\/wp-json\/wp\/v2\/pages\/84\/revisions"}],"predecessor-version":[{"id":1194,"href":"https:\/\/www.gpgroup.com.br\/site\/wp-json\/wp\/v2\/pages\/84\/revisions\/1194"}],"wp:attachment":[{"href":"https:\/\/www.gpgroup.com.br\/site\/wp-json\/wp\/v2\/media?parent=84"}],"curies":[{"name":"wp","href":"https:\/\/api.w.org\/{rel}","templated":true}]}}