{"id":88,"date":"2020-11-04T10:05:31","date_gmt":"2020-11-04T12:05:31","guid":{"rendered":"http:\/\/localhost\/gppecas\/site\/?page_id=88"},"modified":"2020-12-22T13:27:55","modified_gmt":"2020-12-22T16:27:55","slug":"devolucoes","status":"publish","type":"page","link":"https:\/\/www.gpgroup.com.br\/site\/devolucoes\/","title":{"rendered":"Devolu\u00e7\u00f5es"},"content":{"rendered":"\n<p>Preencha as informa\u00e7\u00f5es abaixo para entrar em contato com nosso setor de RMA.<\/p>\n","protected":false},"excerpt":{"rendered":"<p>Preencha as informa\u00e7\u00f5es abaixo para entrar em contato com nosso setor de RMA.<\/p>\n","protected":false},"author":2,"featured_media":0,"parent":0,"menu_order":0,"comment_status":"closed","ping_status":"closed","template":"page-devolucoes.php","meta":{"footnotes":""},"acf":[],"yoast_head":"<!-- This site is optimized with the Yoast SEO plugin v21.9.1 - https:\/\/yoast.com\/wordpress\/plugins\/seo\/ -->\n<title>Devolu\u00e7\u00f5es - General Parts<\/title>\n<meta name=\"robots\" content=\"index, follow, max-snippet:-1, max-image-preview:large, max-video-preview:-1\" \/>\n<link rel=\"canonical\" href=\"https:\/\/www.gpgroup.com.br\/site\/devolucoes\/\" \/>\n<meta property=\"og:locale\" content=\"pt_BR\" \/>\n<meta property=\"og:type\" content=\"article\" \/>\n<meta property=\"og:title\" content=\"Devolu\u00e7\u00f5es - General Parts\" \/>\n<meta property=\"og:description\" content=\"Preencha as informa\u00e7\u00f5es abaixo para entrar em contato com nosso setor de RMA.\" \/>\n<meta property=\"og:url\" content=\"https:\/\/www.gpgroup.com.br\/site\/devolucoes\/\" \/>\n<meta property=\"og:site_name\" content=\"General Parts\" \/>\n<meta property=\"article:publisher\" content=\"https:\/\/www.facebook.com\/partsgeneral\" \/>\n<meta property=\"article:modified_time\" content=\"2020-12-22T16:27:55+00:00\" \/>\n<meta name=\"twitter:card\" content=\"summary_large_image\" \/>\n<script type=\"application\/ld+json\" class=\"yoast-schema-graph\">{\"@context\":\"https:\/\/schema.org\",\"@graph\":[{\"@type\":\"WebPage\",\"@id\":\"https:\/\/www.gpgroup.com.br\/site\/devolucoes\/\",\"url\":\"https:\/\/www.gpgroup.com.br\/site\/devolucoes\/\",\"name\":\"Devolu\u00e7\u00f5es - General Parts\",\"isPartOf\":{\"@id\":\"https:\/\/www.gpgroup.com.br\/site\/#website\"},\"datePublished\":\"2020-11-04T12:05:31+00:00\",\"dateModified\":\"2020-12-22T16:27:55+00:00\",\"breadcrumb\":{\"@id\":\"https:\/\/www.gpgroup.com.br\/site\/devolucoes\/#breadcrumb\"},\"inLanguage\":\"pt-BR\",\"potentialAction\":[{\"@type\":\"ReadAction\",\"target\":[\"https:\/\/www.gpgroup.com.br\/site\/devolucoes\/\"]}]},{\"@type\":\"BreadcrumbList\",\"@id\":\"https:\/\/www.gpgroup.com.br\/site\/devolucoes\/#breadcrumb\",\"itemListElement\":[{\"@type\":\"ListItem\",\"position\":1,\"name\":\"In\u00edcio\",\"item\":\"https:\/\/www.gpgroup.com.br\/site\/\"},{\"@type\":\"ListItem\",\"position\":2,\"name\":\"Devolu\u00e7\u00f5es\"}]},{\"@type\":\"WebSite\",\"@id\":\"https:\/\/www.gpgroup.com.br\/site\/#website\",\"url\":\"https:\/\/www.gpgroup.com.br\/site\/\",\"name\":\"General Parts\",\"description\":\"Toner &amp; Pe\u00e7as para impressoras e copiadoras\",\"publisher\":{\"@id\":\"https:\/\/www.gpgroup.com.br\/site\/#organization\"},\"potentialAction\":[{\"@type\":\"SearchAction\",\"target\":{\"@type\":\"EntryPoint\",\"urlTemplate\":\"https:\/\/www.gpgroup.com.br\/site\/?s={search_term_string}\"},\"query-input\":\"required name=search_term_string\"}],\"inLanguage\":\"pt-BR\"},{\"@type\":\"Organization\",\"@id\":\"https:\/\/www.gpgroup.com.br\/site\/#organization\",\"name\":\"GP Pe\u00e7as\",\"url\":\"https:\/\/www.gpgroup.com.br\/site\/\",\"logo\":{\"@type\":\"ImageObject\",\"inLanguage\":\"pt-BR\",\"@id\":\"https:\/\/www.gpgroup.com.br\/site\/#\/schema\/logo\/image\/\",\"url\":\"https:\/\/www.gppecas.com.br\/site\/wp-content\/uploads\/2020\/11\/logotipo-big.jpg\",\"contentUrl\":\"https:\/\/www.gppecas.com.br\/site\/wp-content\/uploads\/2020\/11\/logotipo-big.jpg\",\"width\":540,\"height\":298,\"caption\":\"GP Pe\u00e7as\"},\"image\":{\"@id\":\"https:\/\/www.gpgroup.com.br\/site\/#\/schema\/logo\/image\/\"},\"sameAs\":[\"https:\/\/www.facebook.com\/partsgeneral\",\"https:\/\/www.instagram.com\/generalparts\/\"]}]}<\/script>\n<!-- \/ Yoast SEO plugin. -->","yoast_head_json":{"title":"Devolu\u00e7\u00f5es - General Parts","robots":{"index":"index","follow":"follow","max-snippet":"max-snippet:-1","max-image-preview":"max-image-preview:large","max-video-preview":"max-video-preview:-1"},"canonical":"https:\/\/www.gpgroup.com.br\/site\/devolucoes\/","og_locale":"pt_BR","og_type":"article","og_title":"Devolu\u00e7\u00f5es - General Parts","og_description":"Preencha as informa\u00e7\u00f5es abaixo para entrar em contato com nosso setor de RMA.","og_url":"https:\/\/www.gpgroup.com.br\/site\/devolucoes\/","og_site_name":"General Parts","article_publisher":"https:\/\/www.facebook.com\/partsgeneral","article_modified_time":"2020-12-22T16:27:55+00:00","twitter_card":"summary_large_image","schema":{"@context":"https:\/\/schema.org","@graph":[{"@type":"WebPage","@id":"https:\/\/www.gpgroup.com.br\/site\/devolucoes\/","url":"https:\/\/www.gpgroup.com.br\/site\/devolucoes\/","name":"Devolu\u00e7\u00f5es - General Parts","isPartOf":{"@id":"https:\/\/www.gpgroup.com.br\/site\/#website"},"datePublished":"2020-11-04T12:05:31+00:00","dateModified":"2020-12-22T16:27:55+00:00","breadcrumb":{"@id":"https:\/\/www.gpgroup.com.br\/site\/devolucoes\/#breadcrumb"},"inLanguage":"pt-BR","potentialAction":[{"@type":"ReadAction","target":["https:\/\/www.gpgroup.com.br\/site\/devolucoes\/"]}]},{"@type":"BreadcrumbList","@id":"https:\/\/www.gpgroup.com.br\/site\/devolucoes\/#breadcrumb","itemListElement":[{"@type":"ListItem","position":1,"name":"In\u00edcio","item":"https:\/\/www.gpgroup.com.br\/site\/"},{"@type":"ListItem","position":2,"name":"Devolu\u00e7\u00f5es"}]},{"@type":"WebSite","@id":"https:\/\/www.gpgroup.com.br\/site\/#website","url":"https:\/\/www.gpgroup.com.br\/site\/","name":"General Parts","description":"Toner &amp; Pe\u00e7as para impressoras e copiadoras","publisher":{"@id":"https:\/\/www.gpgroup.com.br\/site\/#organization"},"potentialAction":[{"@type":"SearchAction","target":{"@type":"EntryPoint","urlTemplate":"https:\/\/www.gpgroup.com.br\/site\/?s={search_term_string}"},"query-input":"required name=search_term_string"}],"inLanguage":"pt-BR"},{"@type":"Organization","@id":"https:\/\/www.gpgroup.com.br\/site\/#organization","name":"GP Pe\u00e7as","url":"https:\/\/www.gpgroup.com.br\/site\/","logo":{"@type":"ImageObject","inLanguage":"pt-BR","@id":"https:\/\/www.gpgroup.com.br\/site\/#\/schema\/logo\/image\/","url":"https:\/\/www.gppecas.com.br\/site\/wp-content\/uploads\/2020\/11\/logotipo-big.jpg","contentUrl":"https:\/\/www.gppecas.com.br\/site\/wp-content\/uploads\/2020\/11\/logotipo-big.jpg","width":540,"height":298,"caption":"GP Pe\u00e7as"},"image":{"@id":"https:\/\/www.gpgroup.com.br\/site\/#\/schema\/logo\/image\/"},"sameAs":["https:\/\/www.facebook.com\/partsgeneral","https:\/\/www.instagram.com\/generalparts\/"]}]}},"_links":{"self":[{"href":"https:\/\/www.gpgroup.com.br\/site\/wp-json\/wp\/v2\/pages\/88"}],"collection":[{"href":"https:\/\/www.gpgroup.com.br\/site\/wp-json\/wp\/v2\/pages"}],"about":[{"href":"https:\/\/www.gpgroup.com.br\/site\/wp-json\/wp\/v2\/types\/page"}],"author":[{"embeddable":true,"href":"https:\/\/www.gpgroup.com.br\/site\/wp-json\/wp\/v2\/users\/2"}],"replies":[{"embeddable":true,"href":"https:\/\/www.gpgroup.com.br\/site\/wp-json\/wp\/v2\/comments?post=88"}],"version-history":[{"count":9,"href":"https:\/\/www.gpgroup.com.br\/site\/wp-json\/wp\/v2\/pages\/88\/revisions"}],"predecessor-version":[{"id":5903,"href":"https:\/\/www.gpgroup.com.br\/site\/wp-json\/wp\/v2\/pages\/88\/revisions\/5903"}],"wp:attachment":[{"href":"https:\/\/www.gpgroup.com.br\/site\/wp-json\/wp\/v2\/media?parent=88"}],"curies":[{"name":"wp","href":"https:\/\/api.w.org\/{rel}","templated":true}]}}